
{"id":21,"date":"2020-11-02T14:49:51","date_gmt":"2020-11-02T13:49:51","guid":{"rendered":"https:\/\/przedszkole113.edu.wroclaw.pl\/?page_id=21"},"modified":"2025-11-23T14:09:47","modified_gmt":"2025-11-23T13:09:47","slug":"informacje-dla-rodzicow","status":"publish","type":"page","link":"https:\/\/przedszkole113.edu.wroclaw.pl\/index.php\/informacje-dla-rodzicow\/","title":{"rendered":"Informacje dla rodzic\u00f3w"},"content":{"rendered":"<div class=\"wpb-content-wrapper\"><p>[vc_row][vc_column][vc_column_text css=&#8221;&#8221;]<\/p>\n<div class=\"entry-content\">\n<p><span style=\"font-size: 14pt\"><strong>Godziny otwarcia:<\/strong><\/span><\/p>\n<p><span style=\"font-size: 14pt\">Przedszkole czynne jest od poniedzia\u0142ku do pi\u0105tku w godzinach 6.30 \u2013 17.30.<\/span><\/p>\n<p><strong>Godziny konsultacji nauczycieli\u00a0 w roku szkolnym 2025\/2026 po uprzednim um\u00f3wieniu si\u0119 telefonicznie lub mailowo w przedszkolu mog\u0105 odbywa\u0107 si\u0119 telefonicznie lub stacjonarnie:<\/strong><\/p>\n<p>gr. I Pani Joanna: \u015brody 07.30 &#8211; 08.00; Pani Gra\u017cyna wtorki 15.30- 16.00<\/p>\n<p>gr. II Pani Irena: poniedzia\u0142ki\u00a0 16.15 &#8211; 16.45;<\/p>\n<p>gr. III Pani Elwira: czwartki 11.15 &#8211; 11.45;<\/p>\n<p>gr. IV Pani Monika: czwartki\u00a0 12.00- 12.30;<\/p>\n<p>gr. V Pani Magdalena i Pani Danuta co drugi tydzie\u0144: wtorki\u00a0 16.00 &#8211; 16.30 i pi\u0105tki\u00a0 16.15 &#8211; 16.45.<\/p>\n<p>W sprawach pilnych dni i godziny mog\u0105 by\u0107 ustalone indywidualnie z rodzicami.<\/p>\n<p><span style=\"font-size: 14pt\">\u00a0<strong>UCHWA\u0141A NR\u00a0 LVII\/18\/2024RADY MIEJSKIEJ WROC\u0141AWIA\u00a0 z dnia 6 czerwca 2024 <\/strong>Rady Miejskiej Wroc\u0142awia w sprawie ustalenia czasu bezp\u0142atnego nauczania, wychowania i opieki oraz wysoko\u015bci op\u0142aty za korzystanie z wychowania przedszkolnego w przedszkolach publicznych prowadzonych przez gmin\u0119<\/span><br \/>\n<span style=\"font-size: 14pt\">Na podstawie art. 18 ust. 2 pkt 15 ustawy z dnia 8 marca 1990 r. o samorz\u0105dzie gminnym (Dz. U. z 2019 r. poz. 506) w zwi\u0105zku z art. 52 ust. 1-3 ustawy z dnia 27 pa\u017adziernika 2017 r. o finansowaniu zada\u0144 o\u015bwiatowych (Dz. U. z 2017 r. poz. 2203 oraz z 2018 r. poz. 2245), Rada Miejska Wroc\u0142awia uchwala, co nast\u0119puje:<\/span><\/p>\n<p><span style=\"font-size: 14pt\">1. Ustala si\u0119 op\u0142at\u0119 w wysoko\u015bci 1,44 z\u0142 za ka\u017cd\u0105 rozpocz\u0119t\u0105 godzin\u0119 faktycznego pobytu dziecka w przedszkolu, uczni\u00f3w obj\u0119tych wychowaniem przedszkolnym do ko\u0144ca roku szkolnego w roku kalendarzowym, w kt\u00f3rym ko\u0144cz\u0105 6 lat, w czasie przekraczaj\u0105cym wymiar okre\u015blony w \u00a7 1 ust. 1 niniejszej uchwa\u0142y.\u201d.<\/span><br \/>\n<span style=\"font-size: 14pt\">\u00a7 2. 1. Wykonanie uchwa\u0142y powierza si\u0119 Prezydentowi Wroc\u0142awia.<\/span><\/p>\n<ol>\n<li><span style=\"font-size: 14pt\">2. Prezydent Wroc\u0142awia przeka\u017ce uchwa\u0142\u0119 do og\u0142oszenia w Dzienniku Urz\u0119dowym Wojew\u00f3dztwa Dolno\u015bl\u0105skiego.<\/span><\/li>\n<li><span style=\"font-size: 14pt\">\u00a7 3. Uchwa\u0142a wchodzi w \u017cycie z dniem 1 wrze\u015bnia 2024 r.<\/span><br \/>\n<span style=\"font-size: 14pt\">Przewodnicz\u0105cy Rady Miejskiej Wroc\u0142awia: A. Rybczak<\/span><\/li>\n<\/ol>\n<p><span style=\"font-size: 14pt\">\u00a0 Op\u0142ata, o\u00a0\u00a0kt\u00f3rej mowa w \u00a7 1 ust. 2 podlega waloryzacji na zasadach okre\u015blonych w ustawie o systemie o\u015bwiacie.<\/span><\/p>\n<p><span style=\"font-size: 14pt\">4. Przedszkole prowadzi elektroniczn\u0105 ewidencj\u0119 przyj\u015bcia i wyj\u015bcia dziecka z przedszkola. Rodzicowi przys\u0142uguje nieodp\u0142atnie jedna karta\/ breloczek rejestracji pobytu dziecka ( do zwrotu po zako\u0144czonej edukacji dziecka w przedszkolu). Kolejne b\u0119dzie mo\u017cna dokupi\u0107. Bieg czasu liczy si\u0119 od momentu zarejestrowania elektronicznego, a w przypadku braku takiego systemu, zarejestrowania r\u0119cznego (wpisy przyprowadzania i odbierania dziecka w formie papierowej).<\/span><\/p>\n<p><span style=\"font-size: 14pt\">\u00a0\u00a0\u00a0\u00a0\u00a0\u00a0\u00a0\u00a0\u00a0 W przypadku obu system\u00f3w, gdy rodzic <u>nie zarejestruje<\/u> momentu wej\u015bcia lub wyj\u015bcia dziecka, czas pobytu dziecka liczy si\u0119 od otwarcia do zamkni\u0119cia<\/span><\/p>\n<ol>\n<li><span style=\"font-size: 14pt\">Zwalnia si\u0119 z\u00a0\u00a0op\u0142aty rodzic\u00f3w (opiekun\u00f3w\u00a0\u00a0\u00a0prawnych)\u00a0\u00a0\u00a0posiadaj\u0105cych co\u00a0\u00a0najmniej\u00a0\u00a0troje\u00a0\u00a0dzieci, <strong>pozostaj\u0105cych na ich utrzymaniu i we wsp\u00f3lnym gospodarstwie\u00a0\u00a0domowym z zastrze\u017ceniem ust. 2.<\/strong><\/span><\/li>\n<li><span style=\"font-size: 14pt\">W przypadku dzieci pe\u0142noletnich uwzgl\u0119dnia si\u0119\u00a0\u00a0tylko\u00a0\u00a0dzieci pobieraj\u0105ce\u00a0\u00a0nauk\u0119,\u00a0\u00a0jednak\u00a0\u00a0nie\u00a0\u00a0d\u0142u\u017cej\u00a0ni\u017c\u00a0\u00a0do uko\u0144czenia 24 roku \u017cycia<\/span><\/li>\n<\/ol>\n<p>&nbsp;<\/p>\n<p><span style=\"font-size: 14pt\"><strong>Op\u0142aty:<\/strong><\/span><\/p>\n<p><span style=\"font-size: 14pt\"><strong>Op\u0142ata za pobyt dziecka powy\u017cej 5 godz. dziennie\u00a0 wynosi od 01.09.2024 r 1,44 z\u0142\u00a0<em> ka\u017cd\u0105 rozpocz\u0119t\u0105 godzin\u0119 faktycznego pobytu dziecka w przedszkolu Obwieszczenie Ministra Edukacji Narodowej.<br \/>\n<\/em><\/strong><\/span><\/p>\n<p><span style=\"font-size: 14pt\">Wysoko\u015b\u0107 op\u0142aty przekazywana jest rodzicom na podany adres mailowy<\/span><\/p>\n<p><span style=\"font-size: 14pt\">Przyk\u0142ad obliczenia op\u0142aty:<\/span><\/p>\n<p><span style=\"font-size: 14pt\">Dzienna stawka \u017cywieniowa wynosi 13,40 z\u0142 za 3 posi\u0142ki (\u015bniadanie \u2013 8<sup>45<\/sup>; zupa obiadowa i drugie \u015bniadanie\u00a0 \u2013 11<sup>20<\/sup>; drugie danie i owoc\u00a0 \u2013 13<sup>45<\/sup>.<\/span><\/p>\n<p><span style=\"font-size: 14pt\">Zgodnie z regulaminem korzystania z wy\u017cywienia obowi\u0105zuj\u0105cym w Przedszkolu nr 113 istnieje mo\u017cliwo\u015b\u0107 korzystania z 1, 2 lub 3 posi\u0142k\u00f3w:<\/span><\/p>\n<ol>\n<li><span style=\"font-size: 14pt\">a) za jeden obiad pobiera si\u0119 op\u0142at\u0119 w wysoko\u015bci 50 % stawki dziennej (6,70 z\u0142),<\/span><\/li>\n<li><span style=\"font-size: 14pt\">b) za dwa posi\u0142ki (\u015bniadanie i obiad\u00a0 lub obiad i podwieczorek) pobiera si\u0119 op\u0142at\u0119 w wysoko\u015bci 75 %\u00a0\u00a0 stawki dziennej (10,05 z\u0142);<\/span><\/li>\n<li><span style=\"font-size: 14pt\">c) za jeden posi\u0142ek (\u015bniadanie lub podwieczorek)\u00a0 pobiera si\u0119 op\u0142at\u0119 w wysoko\u015bci\u00a0 25 % stawki dziennej (3,35 z\u0142);<\/span><\/li>\n<\/ol>\n<p><span style=\"font-size: 14pt\">Przyk\u0142ad obliczenia op\u0142aty:<\/span><\/p>\n<p><span style=\"font-size: 14pt\">21 dni x op\u0142ata za posi\u0142ek = miesi\u0119czna op\u0142ata za wy\u017cywienie<\/span><\/p>\n<p><span style=\"font-size: 14pt\">13,40 z\u0142 (dzienna stawka \u017cywieniowa) x 21 = 281,40 z\u0142 \u2013 miesi\u0119czna op\u0142ata za wy\u017cywienie<\/span><br \/>\n<span style=\"font-size: 14pt\">\u0141\u0105czna kwota 281,40 z\u0142.<\/span><\/p>\n<p><span style=\"font-size: 14pt\">Za ka\u017cdy dzie\u0144 nieobecno\u015bci dziecka dokonuje si\u0119 odpisy w nast\u0119pnym miesi\u0105cu <\/span><span style=\"font-size: 14pt\">na kt\u00f3ry nale\u017cy wp\u0142aca\u0107\u00a0 \u00a0na indywidualne konto\u00a0 za pobyt Dziecka w Przedszkolu w wysoko\u015bci wys\u0142anej do rodzica na podany w umowie o \u015bwiadczeniu us\u0142ug\u00a0 e-mail<\/span><\/p>\n<p><span style=\"font-size: 14pt\">Zasady rekrutacji od 2009 roku<\/span><\/p>\n<p><span style=\"font-size: 14pt\">Wroc\u0142awski\u00a0System Rekrutacji\u00a0\u2013\u00a0<a href=\"http:\/\/www.wroclaw.pl\/edukacja\">http:\/\/www.wroclaw.pl\/edukacja<\/a><\/span><\/p>\n<\/div>\n<p>[\/vc_column_text][\/vc_column][\/vc_row]<\/p>\n<\/div>","protected":false},"excerpt":{"rendered":"<p>[vc_row][vc_column][vc_column_text css=&#8221;&#8221;] Godziny otwarcia: Przedszkole czynne jest od poniedzia\u0142ku do pi\u0105tku w godzinach 6.30 \u2013 17.30. Godziny konsultacji nauczycieli\u00a0 w roku szkolnym 2025\/2026 po uprzednim um\u00f3wieniu si\u0119 telefonicznie lub mailowo [&hellip;]<\/p>\n","protected":false},"author":72,"featured_media":0,"parent":0,"menu_order":0,"comment_status":"closed","ping_status":"closed","template":"","meta":{"ngg_post_thumbnail":0,"footnotes":""},"class_list":["post-21","page","type-page","status-publish","hentry","clearfix"],"_links":{"self":[{"href":"https:\/\/przedszkole113.edu.wroclaw.pl\/index.php\/wp-json\/wp\/v2\/pages\/21","targetHints":{"allow":["GET"]}}],"collection":[{"href":"https:\/\/przedszkole113.edu.wroclaw.pl\/index.php\/wp-json\/wp\/v2\/pages"}],"about":[{"href":"https:\/\/przedszkole113.edu.wroclaw.pl\/index.php\/wp-json\/wp\/v2\/types\/page"}],"author":[{"embeddable":true,"href":"https:\/\/przedszkole113.edu.wroclaw.pl\/index.php\/wp-json\/wp\/v2\/users\/72"}],"replies":[{"embeddable":true,"href":"https:\/\/przedszkole113.edu.wroclaw.pl\/index.php\/wp-json\/wp\/v2\/comments?post=21"}],"version-history":[{"count":12,"href":"https:\/\/przedszkole113.edu.wroclaw.pl\/index.php\/wp-json\/wp\/v2\/pages\/21\/revisions"}],"predecessor-version":[{"id":2164,"href":"https:\/\/przedszkole113.edu.wroclaw.pl\/index.php\/wp-json\/wp\/v2\/pages\/21\/revisions\/2164"}],"wp:attachment":[{"href":"https:\/\/przedszkole113.edu.wroclaw.pl\/index.php\/wp-json\/wp\/v2\/media?parent=21"}],"curies":[{"name":"wp","href":"https:\/\/api.w.org\/{rel}","templated":true}]}}