
{"id":40,"date":"2020-11-03T09:44:35","date_gmt":"2020-11-03T08:44:35","guid":{"rendered":"https:\/\/przedszkole113.edu.wroclaw.pl\/?page_id=40"},"modified":"2025-09-17T18:04:13","modified_gmt":"2025-09-17T16:04:13","slug":"zajecia-dodatkowe","status":"publish","type":"page","link":"https:\/\/przedszkole113.edu.wroclaw.pl\/index.php\/strona-glowna\/zajecia-dodatkowe\/","title":{"rendered":"Zaj\u0119cia dodatkowe"},"content":{"rendered":"<div class=\"wpb-content-wrapper\"><p>[vc_row][vc_column][vc_column_text css_animation=&#8221;fadeIn&#8221; css=&#8221;&#8221;]<\/p>\n<div class=\"entry-content\">\n<p><span style=\"font-size: 14pt\">Op\u0142acane z bud\u017cetu przedszkola:<\/span><\/p>\n<ul>\n<li><span style=\"font-size: 14pt\">gimnastyka korekcyjna we wszystkich grupach ( dzieci po badaniach) 2 x w tygodniu<\/span><\/li>\n<li><span style=\"font-size: 14pt\">terapia logopedyczna we wszystkich grupach ( dzieci po\u00a0 badaniach logopedycznych ) 2x w tygodniu<\/span><\/li>\n<li><span style=\"font-size: 14pt\">religia ( udzia\u0142 dzieci, kt\u00f3rych rodzice wyrazili pisemn\u0105 zgod\u0119)<\/span><\/li>\n<li><span style=\"font-size: 14pt\">Mali Wspaniali \u2013 zaj\u0119cia og\u00f3lnorozwojowe z elementami sztuki walk finansowany przez Departament Edukacji\u00a0 odbywaj\u0105ce si\u0119 we wszystkich grupach w ka\u017cdy pi\u0105tek w godz. 9.00- 12.00 prowadzone przez instruktora.<\/span><\/li>\n<li><span style=\"font-size: 14pt\">\u015amiechoterapia \u2013 jest metod\u0105 od\u015bwie\u017cenia umys\u0142u i przestawienia si\u0119 na bardziej odwa\u017cne i oryginalne my\u015blenie. Jest sposobem rozpuszczenia ba\u0144ki stresu. Zaj\u0119cia finansowane s\u0105 przez Wydzia\u0142 Edukacji i odbywaj\u0105 si\u0119 1x w miesi\u0105cu,<\/span><\/li>\n<li><span style=\"font-size: 14pt\">zaj\u0119cia z rytmiki\u00a0 1 x w tygodniu finansowane przez Wydzia\u0142 Edukacji od pa\u017adziernika 2025<\/span><\/li>\n<li><span style=\"font-size: 14pt\">zaj\u0119cia z psychologiem w ka\u017cdy poniedzia\u0142ek i wtorek- dzieci z orzeczeniami o kszta\u0142ceniu specjalnym oraz wymagaj\u0105cymi wsparcia,<br \/>\n<\/span><\/li>\n<li><span style=\"font-size: 14pt\">zaj\u0119cia z pedagogiem specjalnym w ka\u017cdy czwartek i pi\u0105tek z dzie\u0107mi z orzeczeniami o kszta\u0142ceniu specjalnym oraz wymagaj\u0105cymi wsparcia,\u00a0<\/span><\/li>\n<\/ul>\n<p><span style=\"font-size: 14pt\">Udzia\u0142 w projektach:<\/span><\/p>\n<ol>\n<li><span style=\"font-size: 14pt\">Walka z pr\u00f3chnic\u0105: wszystkie grupy, spotkania ze stomatologiem na terenie plac\u00f3wki &#8211; Wsp\u00f3\u0142praca z Wydzia\u0142em Zdrowia.<\/span><\/li>\n<li><span style=\"font-size: 14pt\">Pomoc zwierz\u0119tom ze schroniska,<\/span><\/li>\n<li><span style=\"font-size: 14pt\">Anio\u0142kowe granie.<\/span><\/li>\n<\/ol>\n<\/div>\n<p>[\/vc_column_text][\/vc_column][\/vc_row]<\/p>\n<\/div>","protected":false},"excerpt":{"rendered":"<p>[vc_row][vc_column][vc_column_text css_animation=&#8221;fadeIn&#8221; css=&#8221;&#8221;] Op\u0142acane z bud\u017cetu przedszkola: gimnastyka korekcyjna we wszystkich grupach ( dzieci po badaniach) 2 x w tygodniu terapia logopedyczna we wszystkich grupach ( dzieci po\u00a0 badaniach logopedycznych [&hellip;]<\/p>\n","protected":false},"author":72,"featured_media":0,"parent":16,"menu_order":0,"comment_status":"closed","ping_status":"closed","template":"","meta":{"ngg_post_thumbnail":0,"footnotes":""},"class_list":["post-40","page","type-page","status-publish","hentry","clearfix"],"_links":{"self":[{"href":"https:\/\/przedszkole113.edu.wroclaw.pl\/index.php\/wp-json\/wp\/v2\/pages\/40","targetHints":{"allow":["GET"]}}],"collection":[{"href":"https:\/\/przedszkole113.edu.wroclaw.pl\/index.php\/wp-json\/wp\/v2\/pages"}],"about":[{"href":"https:\/\/przedszkole113.edu.wroclaw.pl\/index.php\/wp-json\/wp\/v2\/types\/page"}],"author":[{"embeddable":true,"href":"https:\/\/przedszkole113.edu.wroclaw.pl\/index.php\/wp-json\/wp\/v2\/users\/72"}],"replies":[{"embeddable":true,"href":"https:\/\/przedszkole113.edu.wroclaw.pl\/index.php\/wp-json\/wp\/v2\/comments?post=40"}],"version-history":[{"count":9,"href":"https:\/\/przedszkole113.edu.wroclaw.pl\/index.php\/wp-json\/wp\/v2\/pages\/40\/revisions"}],"predecessor-version":[{"id":437,"href":"https:\/\/przedszkole113.edu.wroclaw.pl\/index.php\/wp-json\/wp\/v2\/pages\/40\/revisions\/437"}],"up":[{"embeddable":true,"href":"https:\/\/przedszkole113.edu.wroclaw.pl\/index.php\/wp-json\/wp\/v2\/pages\/16"}],"wp:attachment":[{"href":"https:\/\/przedszkole113.edu.wroclaw.pl\/index.php\/wp-json\/wp\/v2\/media?parent=40"}],"curies":[{"name":"wp","href":"https:\/\/api.w.org\/{rel}","templated":true}]}}