
{"id":45,"date":"2020-11-03T09:54:06","date_gmt":"2020-11-03T08:54:06","guid":{"rendered":"https:\/\/przedszkole113.edu.wroclaw.pl\/?page_id=45"},"modified":"2025-09-16T19:38:33","modified_gmt":"2025-09-16T17:38:33","slug":"kalendarz-imprez-2025-2026","status":"publish","type":"page","link":"https:\/\/przedszkole113.edu.wroclaw.pl\/index.php\/strona-glowna\/kalendarz-imprez-2025-2026\/","title":{"rendered":"Kalendarz imprez 2025\/2026"},"content":{"rendered":"<div class=\"wpb-content-wrapper\"><p>[vc_row][vc_column][vc_column_text css_animation=&#8221;fadeInUp&#8221; css=&#8221;&#8221;]<\/p>\n<div class=\"entry-content\">\n<div class=\"art-contentLayout\">\n<div class=\"art-content-wide\">\n<div class=\"art-Post\">\n<div class=\"art-Post-body\">\n<div class=\"art-Post-inner\">\n<div class=\"art-PostContent\">\n<div class=\"art-Post\">\n<div class=\"art-Post-body\">\n<div class=\"art-Post-inner\">\n<div class=\"art-PostContent\">\n<div class=\"art-article\">\n<p><span style=\"font-size: 14pt\">Tradycj\u0105 naszego przedszkola s\u0105 uroczysto\u015bci oraz imprezy artystyczne organizowane w budynku oraz w plenerze. Stanowi\u0105 one wspania\u0142\u0105 okazj\u0119 do zaprezentowania umiej\u0119tno\u015bci dzieci. Integruj\u0105 przedszkole, dzieci oraz rodzic\u00f3w poprzez ich otwarty charakter.<\/span><\/p>\n<p>&nbsp;<\/p>\n<table style=\"width: 98.1496%\" border=\"0\" width=\"546\" cellspacing=\"4\" cellpadding=\"4\" align=\"center\">\n<caption><span style=\"font-size: 14pt\">Kalendarz imprez 2025\/2026<\/span><\/caption>\n<tbody>\n<tr>\n<td style=\"width: 62.34%\"><span style=\"font-size: 14pt\">Pasowanie na przedszkolaka nowo przyj\u0119tych dzieci<\/span><\/td>\n<td style=\"width: 35.1005%\"><span style=\"font-size: 14pt\">Stycze\u0144\/ Luty 2026<\/span><\/td>\n<\/tr>\n<tr>\n<td style=\"width: 62.34%\"><span style=\"font-size: 14pt\">Jesienne zabawy integracyjne<\/span><\/p>\n<p><span style=\"font-size: 14pt\">\u00a0Zabawy z j\u0119zykiem niemieckim<\/span><\/p>\n<p><span style=\"font-size: 14pt\">Dzie\u0144 \u017byczliwo\u015bci<\/span><\/td>\n<td style=\"width: 35.1005%\"><span style=\"font-size: 14pt\">Pa\u017adziernik\/Listopad<\/span><\/p>\n<p><span style=\"font-size: 14pt\">ca\u0142y rok szkolny<\/span><\/p>\n<p><span style=\"font-size: 14pt\">Listopad<\/span><\/td>\n<\/tr>\n<tr>\n<td style=\"width: 62.34%\"><span style=\"font-size: 14pt\">Wizyta \u015aw. Miko\u0142aja<\/span><\/p>\n<p><span style=\"font-size: 14pt\">\u015awi\u0105teczne spotkania z Rodzicami w poszczeg\u00f3lnych grupach<\/span><\/p>\n<p><span style=\"font-size: 14pt\">Wsp\u00f3lna wigilia z udzia\u0142em dzieci, personelu<br \/>\n<\/span><\/td>\n<td style=\"width: 35.1005%\"><span style=\"font-size: 14pt\">Grudzie\u0144<\/span><\/td>\n<\/tr>\n<tr>\n<td style=\"width: 62.34%\"><span style=\"font-size: 14pt\">\u00a0Bal karnawa\u0142owy<\/span><\/p>\n<p><span style=\"font-size: 14pt\">Dzie\u0144 Babci i Dziadka<\/span><\/td>\n<td style=\"width: 35.1005%\"><span style=\"font-size: 14pt\">Stycze\u0144 2026<\/span><\/td>\n<\/tr>\n<tr>\n<td style=\"width: 62.34%\"><span style=\"font-size: 14pt\">Dni otwarte\u00a0 zast\u0105pione wirtualnym spacerem ze wzgl\u0119du na choroby zaka\u017ane w danym czasie<br \/>\n<\/span><\/td>\n<td style=\"width: 35.1005%\"><span style=\"font-size: 14pt\">Marzec 2026<\/span><\/td>\n<\/tr>\n<tr>\n<td style=\"width: 62.34%\"><span style=\"font-size: 14pt\">Tydzie\u0144 dla Ziemi<\/span><\/p>\n<p><span style=\"font-size: 14pt\">Tydzie\u0144 z j\u0119zykiem niemieckim<\/span><\/td>\n<td style=\"width: 35.1005%\"><span style=\"font-size: 14pt\">Kwiecie\u0144 2026<br \/>\n<\/span><span style=\"font-size: 14pt\">Kwiecie\u0144\/ Maj 2026<\/span><\/td>\n<\/tr>\n<tr>\n<td style=\"width: 62.34%\"><span style=\"font-size: 14pt\">\u00a0Dzie\u0144 Mamy i Taty<\/span><\/td>\n<td style=\"width: 35.1005%\"><span style=\"font-size: 14pt\">\u00a0Maj 2026<\/span><\/td>\n<\/tr>\n<tr>\n<td style=\"width: 62.34%\"><\/td>\n<td style=\"width: 35.1005%\"><\/td>\n<\/tr>\n<tr>\n<td style=\"width: 62.34%\"><span style=\"font-size: 14pt\">Dzie\u0144 Dziecka<\/span><\/td>\n<td style=\"width: 35.1005%\"><span style=\"font-size: 14pt\">Maj\/Czerwiec 2026<\/span><\/td>\n<\/tr>\n<tr>\n<td style=\"width: 62.34%\"><span style=\"font-size: 14pt\">Festyn w ogrodzie przedszkolnym<\/span><\/td>\n<td style=\"width: 35.1005%\"><span style=\"font-size: 14pt\">Maj\/Czerwiec 2026<\/span><\/td>\n<\/tr>\n<tr>\n<td style=\"width: 62.34%\"><span style=\"font-size: 14pt\">Po\u017cegnanie starszak\u00f3w<\/span><\/td>\n<td style=\"width: 35.1005%\"><span style=\"font-size: 14pt\">Czerwiec 2026<\/span><\/td>\n<\/tr>\n<\/tbody>\n<\/table>\n<p><span style=\"font-size: 14pt\">Ponadto:<\/span><\/p>\n<ul>\n<li><span style=\"font-size: 14pt\">Wycieczki piesze i autokarowe do r\u00f3\u017cnych ciekawych miejsc.<br \/>\n<\/span><\/li>\n<li><span style=\"font-size: 14pt\">Cykliczne spotkania z teatrem na terenie plac\u00f3wki i poza<\/span><\/li>\n<\/ul>\n<\/div>\n<\/div>\n<\/div>\n<\/div>\n<\/div>\n<\/div>\n<\/div>\n<\/div>\n<\/div>\n<\/div>\n<\/div>\n<\/div>\n<p>[\/vc_column_text][\/vc_column][\/vc_row]<\/p>\n<\/div>","protected":false},"excerpt":{"rendered":"<p>[vc_row][vc_column][vc_column_text css_animation=&#8221;fadeInUp&#8221; css=&#8221;&#8221;] Tradycj\u0105 naszego przedszkola s\u0105 uroczysto\u015bci oraz imprezy artystyczne organizowane w budynku oraz w plenerze. Stanowi\u0105 one wspania\u0142\u0105 okazj\u0119 do zaprezentowania umiej\u0119tno\u015bci dzieci. Integruj\u0105 przedszkole, dzieci oraz rodzic\u00f3w [&hellip;]<\/p>\n","protected":false},"author":72,"featured_media":0,"parent":16,"menu_order":0,"comment_status":"closed","ping_status":"closed","template":"","meta":{"ngg_post_thumbnail":0,"footnotes":""},"class_list":["post-45","page","type-page","status-publish","hentry","clearfix"],"_links":{"self":[{"href":"https:\/\/przedszkole113.edu.wroclaw.pl\/index.php\/wp-json\/wp\/v2\/pages\/45","targetHints":{"allow":["GET"]}}],"collection":[{"href":"https:\/\/przedszkole113.edu.wroclaw.pl\/index.php\/wp-json\/wp\/v2\/pages"}],"about":[{"href":"https:\/\/przedszkole113.edu.wroclaw.pl\/index.php\/wp-json\/wp\/v2\/types\/page"}],"author":[{"embeddable":true,"href":"https:\/\/przedszkole113.edu.wroclaw.pl\/index.php\/wp-json\/wp\/v2\/users\/72"}],"replies":[{"embeddable":true,"href":"https:\/\/przedszkole113.edu.wroclaw.pl\/index.php\/wp-json\/wp\/v2\/comments?post=45"}],"version-history":[{"count":11,"href":"https:\/\/przedszkole113.edu.wroclaw.pl\/index.php\/wp-json\/wp\/v2\/pages\/45\/revisions"}],"predecessor-version":[{"id":2083,"href":"https:\/\/przedszkole113.edu.wroclaw.pl\/index.php\/wp-json\/wp\/v2\/pages\/45\/revisions\/2083"}],"up":[{"embeddable":true,"href":"https:\/\/przedszkole113.edu.wroclaw.pl\/index.php\/wp-json\/wp\/v2\/pages\/16"}],"wp:attachment":[{"href":"https:\/\/przedszkole113.edu.wroclaw.pl\/index.php\/wp-json\/wp\/v2\/media?parent=45"}],"curies":[{"name":"wp","href":"https:\/\/api.w.org\/{rel}","templated":true}]}}