
{"id":49,"date":"2020-11-03T10:39:57","date_gmt":"2020-11-03T09:39:57","guid":{"rendered":"https:\/\/przedszkole113.edu.wroclaw.pl\/?page_id=49"},"modified":"2025-11-20T17:24:57","modified_gmt":"2025-11-20T16:24:57","slug":"zajecia-prowadzone-przez-nauczycieli","status":"publish","type":"page","link":"https:\/\/przedszkole113.edu.wroclaw.pl\/index.php\/strona-glowna\/zajecia-prowadzone-przez-nauczycieli\/","title":{"rendered":"Zaj\u0119cia prowadzone przez nauczycieli"},"content":{"rendered":"<div class=\"wpb-content-wrapper\"><p>[vc_row][vc_column][vc_column_text css=&#8221;&#8221;]<\/p>\n<div class=\"entry-content\">\n<p><span style=\"font-size: 14pt\">Dzieci mog\u0105 bra\u0107 udzia\u0142 w zaj\u0119ciach prowadzonych przez wszystkich nauczycieli, na kt\u00f3rych\u00a0 rozwijaj\u0105 swoje zainteresowania i zdolno\u015bci. S\u0105 to zaj\u0119cia\u00a0 dla dzieci ch\u0119tnych, zaanga\u017cowanych, posiadaj\u0105cych predyspozycje w danym kierunku. Dob\u00f3r dzieci do udzia\u0142u w warsztatach poprzedzony jest obserwacj\u0105 prowadzon\u0105 przez nauczycieli oraz konsultacjami z rodzicami.<\/span><\/p>\n<ul>\n<li><span style=\"font-size: 14pt\">Warsztaty plastyczne:\u00a0 Pani Asia, Pani Gra\u017cyna, Pani Monika, Pani Danuta, Pani Elwira, Pani Irena<\/span><\/li>\n<li><span style=\"font-size: 14pt\">Warsztaty ekologiczne: wszyscy nauczyciele<\/span><\/li>\n<li><span style=\"font-size: 14pt\">Warsztaty muzyczno \u2013 ruchowe: wszyscy nauczyciele<\/span><\/li>\n<li><span style=\"font-size: 14pt\">Zabawy z j\u0119zykiem niemieckim w roku szkolnym 2025\/2026 : Pani Magda prowadzi w gr. I, II, III \u015brody; gr. IV w czwartki; grupa V na bie\u017c\u0105co.<\/span><\/li>\n<li><span style=\"font-size: 14pt\">Ko\u0142o Przyjaci\u00f3\u0142 Wroc\u0142awia: wszyscy nauczyciele<\/span><\/li>\n<\/ul>\n<p><span style=\"font-size: 14pt\">W ramach warsztat\u00f3w dzieci uczestnicz\u0105 w r\u00f3\u017cnych konkursach, przegl\u0105dach, wystawach plastycznych.<\/span><\/p>\n<\/div>\n<p>[\/vc_column_text][\/vc_column][\/vc_row]<\/p>\n<\/div>","protected":false},"excerpt":{"rendered":"<p>[vc_row][vc_column][vc_column_text css=&#8221;&#8221;] Dzieci mog\u0105 bra\u0107 udzia\u0142 w zaj\u0119ciach prowadzonych przez wszystkich nauczycieli, na kt\u00f3rych\u00a0 rozwijaj\u0105 swoje zainteresowania i zdolno\u015bci. S\u0105 to zaj\u0119cia\u00a0 dla dzieci ch\u0119tnych, zaanga\u017cowanych, posiadaj\u0105cych predyspozycje w danym [&hellip;]<\/p>\n","protected":false},"author":72,"featured_media":0,"parent":16,"menu_order":0,"comment_status":"closed","ping_status":"closed","template":"","meta":{"ngg_post_thumbnail":0,"footnotes":""},"class_list":["post-49","page","type-page","status-publish","hentry","clearfix"],"_links":{"self":[{"href":"https:\/\/przedszkole113.edu.wroclaw.pl\/index.php\/wp-json\/wp\/v2\/pages\/49","targetHints":{"allow":["GET"]}}],"collection":[{"href":"https:\/\/przedszkole113.edu.wroclaw.pl\/index.php\/wp-json\/wp\/v2\/pages"}],"about":[{"href":"https:\/\/przedszkole113.edu.wroclaw.pl\/index.php\/wp-json\/wp\/v2\/types\/page"}],"author":[{"embeddable":true,"href":"https:\/\/przedszkole113.edu.wroclaw.pl\/index.php\/wp-json\/wp\/v2\/users\/72"}],"replies":[{"embeddable":true,"href":"https:\/\/przedszkole113.edu.wroclaw.pl\/index.php\/wp-json\/wp\/v2\/comments?post=49"}],"version-history":[{"count":7,"href":"https:\/\/przedszkole113.edu.wroclaw.pl\/index.php\/wp-json\/wp\/v2\/pages\/49\/revisions"}],"predecessor-version":[{"id":2163,"href":"https:\/\/przedszkole113.edu.wroclaw.pl\/index.php\/wp-json\/wp\/v2\/pages\/49\/revisions\/2163"}],"up":[{"embeddable":true,"href":"https:\/\/przedszkole113.edu.wroclaw.pl\/index.php\/wp-json\/wp\/v2\/pages\/16"}],"wp:attachment":[{"href":"https:\/\/przedszkole113.edu.wroclaw.pl\/index.php\/wp-json\/wp\/v2\/media?parent=49"}],"curies":[{"name":"wp","href":"https:\/\/api.w.org\/{rel}","templated":true}]}}